{"id":4931,"date":"2023-06-27T10:24:26","date_gmt":"2023-06-27T08:24:26","guid":{"rendered":"https:\/\/www.chassieuvolley.fr\/?page_id=4931"},"modified":"2024-09-20T21:25:20","modified_gmt":"2024-09-20T19:25:20","slug":"les-federales","status":"publish","type":"page","link":"https:\/\/www.chassieuvolley.fr\/?page_id=4931","title":{"rendered":"Les f\u00e9d\u00e9rales"},"content":{"rendered":"<div class=\"wpb-content-wrapper\"><p>[vc_row][vc_column][vc_column_text el_class=\u00a0\u00bbmaintenance\u00a0\u00bb]<span style=\"text-decoration: underline;\"><span style=\"font-weight: 400;\">En quoi consiste le Championnat f\u00e9d\u00e9ral de volley-ball ?<\/span><\/span><\/p>\n<ul>\n<li style=\"font-weight: 400;\" aria-level=\"1\"><span style=\"font-weight: 400;\">Comp\u00e9tition organis\u00e9e par la f\u00e9d\u00e9ration nationale de volley-ball, qui rassemble des \u00e9quipes de volley volontaire, afin de s&rsquo;affronter pour remporter le titre de champion national de f\u00e9d\u00e9ral.<\/span><\/li>\n<li style=\"font-weight: 400;\" aria-level=\"1\"><span style=\"font-weight: 400;\">Les \u00e9quipes participantes peuvent \u00eatre des clubs professionnels, des \u00e9quipes amateurs ou une combinaison des deux.\u00a0<\/span><\/li>\n<li style=\"font-weight: 400;\" aria-level=\"1\"><span style=\"font-weight: 400;\">Les championnats f\u00e9d\u00e9raux de volley-ball sont importants, car ils offrent aux \u00e9quipes et aux joueurs une plateforme pour se mesurer les uns aux autres au niveau national.<\/span><\/li>\n<\/ul>\n<p><span style=\"text-decoration: underline;\"><span style=\"font-weight: 400;\">Comment y participer ?<\/span><\/span><\/p>\n<ul>\n<li style=\"font-weight: 400;\" aria-level=\"1\"><span style=\"font-weight: 400;\">Inscris ton \u00e9quipe aupr\u00e8s du bureau de Chassieu via une demande par mail avec les \u00e9l\u00e9ments suivant :\u00a0<\/span>\n<ul>\n<li style=\"font-weight: 400;\" aria-level=\"2\"><span style=\"font-weight: 400;\">Nom + pr\u00e9nom des joueurs<\/span><\/li>\n<li style=\"font-weight: 400;\" aria-level=\"2\"><span style=\"font-weight: 400;\">Si tu souhaites accueillir les \u00e9quipes ?<\/span><\/li>\n<\/ul>\n<\/li>\n<\/ul>\n<p><span style=\"text-decoration: underline;\"><span style=\"font-weight: 400;\">Qu\u2019est ce que cela implique si l\u2019on d\u00e9cide d\u2019accueillir le f\u00e9d\u00e9ral \u00e0 Chassieu ? (non obligatoire)<\/span><\/span><\/p>\n<ul>\n<li style=\"font-weight: 400;\" aria-level=\"1\"><span style=\"font-weight: 400;\">Demander au bureau de valider la date pour bloquer le Gymnase<\/span><\/li>\n<li style=\"font-weight: 400;\" aria-level=\"1\"><span style=\"font-weight: 400;\">Pr\u00e9parer les terrains, table de marque<\/span><\/li>\n<li style=\"font-weight: 400;\" aria-level=\"1\"><span style=\"font-weight: 400;\">Pr\u00e9voir des arbitres<\/span><\/li>\n<li style=\"font-weight: 400;\" aria-level=\"1\"><span style=\"font-weight: 400;\">Pr\u00e9voir pour tout le long de la journ\u00e9e de quoi petit-d\u00e9jeuner et d\u00e9jeuner<\/span><\/li>\n<li style=\"font-weight: 400;\" aria-level=\"1\"><span style=\"font-weight: 400;\">Proposer une activit\u00e9 le soir aux \u00e9quipes<\/span><\/li>\n<\/ul>\n<p><span style=\"text-decoration: underline;\"><span style=\"font-weight: 400;\">Est-ce que le club participe aux d\u00e9placements ?<\/span><\/span><\/p>\n<ul>\n<li style=\"font-weight: 400;\" aria-level=\"1\"><span style=\"font-weight: 400;\">Le club essaie d\u2019allouer chaque ann\u00e9e une enveloppe partag\u00e9e entre les \u00e9quipes inscrites <\/span><\/li>\n<\/ul>\n<p>[\/vc_column_text][\/vc_column][\/vc_row][vc_row][vc_column][vc_zigzag color=\u00a0\u00bbgreen\u00a0\u00bb][\/vc_column][\/vc_row][vc_row][vc_column][vc_column_text]<\/p>\n<h1 style=\"text-align: center;\"><strong>F\u00e9d\u00e9rale 2024<\/strong><\/h1>\n<p>[\/vc_column_text][\/vc_column][\/vc_row][vc_row][vc_column width=\u00a0\u00bb1\/4&Prime;][vc_column_text]<span style=\"text-decoration: underline;\"><span style=\"font-weight: 400;\">Les f\u00e9d\u00e9rales 2024 seront le :<\/span><\/span><\/p>\n<ul>\n<li style=\"font-weight: 400;\" aria-level=\"1\"><span style=\"font-weight: 400;\">Samedi 18 Janvier<\/span><\/li>\n<li style=\"font-weight: 400;\" aria-level=\"1\"><span style=\"font-weight: 400;\">Samedi 22 Mars<\/span><\/li>\n<\/ul>\n<p>[\/vc_column_text][\/vc_column][vc_column width=\u00a0\u00bb1\/4&Prime;][vc_column_text]<span style=\"text-decoration: underline;\"><span style=\"font-weight: 400;\">Lieu : <\/span><\/span><\/p>\n<ul>\n<li><span style=\"font-weight: 400;\">En cours de d\u00e9finition<\/span><\/li>\n<li><span style=\"font-weight: 400;\">En cours de d\u00e9finition<\/span><\/li>\n<\/ul>\n<p>[\/vc_column_text][\/vc_column][vc_column width=\u00a0\u00bb1\/4&Prime;][vc_column_text]<span style=\"text-decoration: underline;\"><span style=\"font-weight: 400;\">Prise en charge : <\/span><\/span><\/p>\n<ul>\n<li><span style=\"font-weight: 400;\">Forfait mise \u00e0 disposition des \u00e9quipes engag\u00e9s<\/span><\/li>\n<\/ul>\n<p>[\/vc_column_text][\/vc_column][vc_column width=\u00a0\u00bb1\/4&Prime;][vc_column_text]<span style=\"text-decoration: underline;\"><span style=\"font-weight: 400;\">Equipe engag\u00e9e : <\/span><\/span><\/p>\n<ul>\n<li><span style=\"font-weight: 400;\">Equipe F\u00e9minine de Chassieu<\/span><\/li>\n<li>Equipe Gar\u00e7on (Mixe de 3 \u00e9quipes)<\/li>\n<\/ul>\n<p>[\/vc_column_text][\/vc_column][\/vc_row]<\/p>\n<\/div>","protected":false},"excerpt":{"rendered":"<p>[vc_row][vc_column][vc_column_text el_class=\u00a0\u00bbmaintenance\u00a0\u00bb]En quoi consiste le Championnat f\u00e9d\u00e9ral de volley-ball ? Comp\u00e9tition organis\u00e9e par la f\u00e9d\u00e9ration nationale de volley-ball, qui rassemble des \u00e9quipes de volley volontaire, afin de s&rsquo;affronter pour remporter le titre de champion national de f\u00e9d\u00e9ral. Les \u00e9quipes participantes peuvent \u00eatre des clubs professionnels, des \u00e9quipes amateurs ou une combinaison des deux.\u00a0 Les championnats&#8230;<\/p>\n","protected":false},"author":6,"featured_media":0,"parent":0,"menu_order":0,"comment_status":"closed","ping_status":"closed","template":"","meta":{"footnotes":""},"_links":{"self":[{"href":"https:\/\/www.chassieuvolley.fr\/index.php?rest_route=\/wp\/v2\/pages\/4931"}],"collection":[{"href":"https:\/\/www.chassieuvolley.fr\/index.php?rest_route=\/wp\/v2\/pages"}],"about":[{"href":"https:\/\/www.chassieuvolley.fr\/index.php?rest_route=\/wp\/v2\/types\/page"}],"author":[{"embeddable":true,"href":"https:\/\/www.chassieuvolley.fr\/index.php?rest_route=\/wp\/v2\/users\/6"}],"replies":[{"embeddable":true,"href":"https:\/\/www.chassieuvolley.fr\/index.php?rest_route=%2Fwp%2Fv2%2Fcomments&post=4931"}],"version-history":[{"count":8,"href":"https:\/\/www.chassieuvolley.fr\/index.php?rest_route=\/wp\/v2\/pages\/4931\/revisions"}],"predecessor-version":[{"id":5026,"href":"https:\/\/www.chassieuvolley.fr\/index.php?rest_route=\/wp\/v2\/pages\/4931\/revisions\/5026"}],"wp:attachment":[{"href":"https:\/\/www.chassieuvolley.fr\/index.php?rest_route=%2Fwp%2Fv2%2Fmedia&parent=4931"}],"curies":[{"name":"wp","href":"https:\/\/api.w.org\/{rel}","templated":true}]}}