{"id":4796,"date":"2023-06-20T18:47:48","date_gmt":"2023-06-20T16:47:48","guid":{"rendered":"https:\/\/www.chassieuvolley.fr\/?page_id=4796"},"modified":"2025-08-21T14:50:07","modified_gmt":"2025-08-21T12:50:07","slug":"entrainements","status":"publish","type":"page","link":"https:\/\/www.chassieuvolley.fr\/?page_id=4796","title":{"rendered":"Entra\u00eenements"},"content":{"rendered":"<div class=\"wpb-content-wrapper\"><p>[vc_row][vc_column][stm_images_grid image_size=\u00a0\u00bbmedium\u00a0\u00bb columns=\u00a0\u00bb3&Prime; images=\u00a0\u00bb5382&Prime;][vc_column_text]Les entra\u00eenements se d\u00e9roulent dans le <a href=\"https:\/\/maps.app.goo.gl\/Vb7uA7mpfJqeaaE49\" target=\"blank()\" rel=\"noopener noreferrer\">Complexe Sportif de Substitution<\/a> (Gymnase derri\u00e8re la piscine, \u00e0 l&rsquo;adresse : 48 rue Oreste Zenezini, 69680 CHASSIEU).<\/p>\n<p>Ce gymnase poss\u00e8de des vestiaires et douches pour hommes\/femmes. Il est recommand\u00e9 d&rsquo;utiliser des chaussures de Volley \u00e0 semelles non-noires.<\/p>\n<p>Les horaires d&rsquo;entra\u00eenement sont g\u00e9n\u00e9ralement :<br \/>\n<strong> Pour le groupe apprentissage volley et les \u00e9quipes 1\/4\/6<\/strong>\u00a0: les mardis de 20h00 \u00e0 22h30\u00a0(fermeture du gymnase)<br \/>\n<strong>Pour les \u00e9quipes 2\/3\/5 et F\u00e9minine<\/strong>\u00a0: les jeudis de 19h \u00e0 22h30 (fermeture du gymnase)<br \/>\nDeux entra\u00eeneurs seront pr\u00e9sents pour le groupe apprentissage volley le mardi.<br \/>\nLes matchs \u00e0 l\u2019ext\u00e9rieur ont lieu dans le gymnase de l\u2019\u00e9quipe qui re\u00e7oit, \u00e0 l\u2019horaire auquel elle s\u2019entra\u00eene habituellement.<br \/>\nLe planning des matchs est communiqu\u00e9 d\u00e9but novembre \u00e0 chaque joueur pour l\u2019ann\u00e9e compl\u00e8te.[\/vc_column_text][\/vc_column][\/vc_row]<\/p>\n<\/div>","protected":false},"excerpt":{"rendered":"<p>[vc_row][vc_column][stm_images_grid image_size=\u00a0\u00bbmedium\u00a0\u00bb columns=\u00a0\u00bb3&Prime; images=\u00a0\u00bb5382&Prime;][vc_column_text]Les entra\u00eenements se d\u00e9roulent dans le Complexe Sportif de Substitution (Gymnase derri\u00e8re la piscine, \u00e0 l&rsquo;adresse : 48 rue Oreste Zenezini, 69680 CHASSIEU). Ce gymnase poss\u00e8de des vestiaires et douches pour hommes\/femmes. Il est recommand\u00e9 d&rsquo;utiliser des chaussures de Volley \u00e0 semelles non-noires. Les horaires d&rsquo;entra\u00eenement sont g\u00e9n\u00e9ralement : Pour le groupe&#8230;<\/p>\n","protected":false},"author":6,"featured_media":0,"parent":0,"menu_order":0,"comment_status":"closed","ping_status":"closed","template":"","meta":{"footnotes":""},"_links":{"self":[{"href":"https:\/\/www.chassieuvolley.fr\/index.php?rest_route=\/wp\/v2\/pages\/4796"}],"collection":[{"href":"https:\/\/www.chassieuvolley.fr\/index.php?rest_route=\/wp\/v2\/pages"}],"about":[{"href":"https:\/\/www.chassieuvolley.fr\/index.php?rest_route=\/wp\/v2\/types\/page"}],"author":[{"embeddable":true,"href":"https:\/\/www.chassieuvolley.fr\/index.php?rest_route=\/wp\/v2\/users\/6"}],"replies":[{"embeddable":true,"href":"https:\/\/www.chassieuvolley.fr\/index.php?rest_route=%2Fwp%2Fv2%2Fcomments&post=4796"}],"version-history":[{"count":6,"href":"https:\/\/www.chassieuvolley.fr\/index.php?rest_route=\/wp\/v2\/pages\/4796\/revisions"}],"predecessor-version":[{"id":5387,"href":"https:\/\/www.chassieuvolley.fr\/index.php?rest_route=\/wp\/v2\/pages\/4796\/revisions\/5387"}],"wp:attachment":[{"href":"https:\/\/www.chassieuvolley.fr\/index.php?rest_route=%2Fwp%2Fv2%2Fmedia&parent=4796"}],"curies":[{"name":"wp","href":"https:\/\/api.w.org\/{rel}","templated":true}]}}