{"id":4791,"date":"2023-06-20T18:44:58","date_gmt":"2023-06-20T16:44:58","guid":{"rendered":"https:\/\/www.chassieuvolley.fr\/?page_id=4791"},"modified":"2025-08-21T14:43:20","modified_gmt":"2025-08-21T12:43:20","slug":"sinscrire","status":"publish","type":"page","link":"https:\/\/www.chassieuvolley.fr\/?page_id=4791","title":{"rendered":"S&rsquo;inscrire"},"content":{"rendered":"<div class=\"wpb-content-wrapper\"><p>[vc_row][vc_column][vc_column_text]Voici tous le process<strong> pour vous inscrire<\/strong> \u00e0 Chassieu Volley.<\/p>\n<p>Le paiement se fait en de diff\u00e9rentes mani\u00e8res : Ch\u00e8que \/ Esp\u00e8ce \/ Coupon Sport \/ Ch\u00e8que Vacances<\/p>\n<p>Ces documents seront \u00e0 remettre, au secr\u00e9taire du club.[\/vc_column_text][\/vc_column][\/vc_row][vc_row][vc_column][vc_column_text]Depuis 2017, avec la loi de la modernisation du syst\u00e8me de sant\u00e9 (<a href=\"http:\/\/www.sports.gouv.fr\/pratiques-sportives\/pratique-securite\/securite-sur-la-voie-publique\/article\/Le-certificat-medical\" target=\"_blank\" rel=\"noopener noreferrer\">infos sur le site du Gouvernement<\/a>), vous n&rsquo;auriez pas besoin de demander un nouveau certificat m\u00e9dical. Voici un document qui vous montre comment cela fonctionne : <a href=\"https:\/\/drive.google.com\/file\/d\/0BwrfjIpsE_esdnFIc3Z3RWZjbXM\/view\" target=\"_blank\" rel=\"noopener noreferrer\">Visualiser le document<\/a>.<\/p>\n<p>Plusieurs cas d&rsquo;inscription s&rsquo;offrent \u00e0 vous:<\/p>\n<table border=\"1\" width=\"100%\" cellspacing=\"0\">\n<tbody>\n<tr>\n<td width=\"20%\">\n<h5>Cas<\/h5>\n<\/td>\n<td width=\"40%\">\n<h5>Description<\/h5>\n<\/td>\n<td>\n<h5>Pi\u00e8ces \u00e0 fournir<\/h5>\n<\/td>\n<\/tr>\n<tr>\n<td><strong>\u00a0Cas 1 :<\/strong> Majeur(e), non licenci\u00e9 FSGT pour la nouvelle saison<\/td>\n<td>\u00a0Ceci est un cas courant d&rsquo;inscription au club.<\/td>\n<td>&#8211; Formulaire d&rsquo;Inscription Chassieu Volley<br \/>\n&#8211; Attestation Licence ou Certificat M\u00e9dical (Si r\u00e9ponse OUI aux questionnaires de sant\u00e9, remplit au pr\u00e9alable)<br \/>\n&#8211; 2 photos d&rsquo;identit\u00e9s<br \/>\n&#8211; Moyen de paiement<\/td>\n<\/tr>\n<tr>\n<td>\u00a0<strong>Cas 2 :<\/strong> Mineur(e), non licenci\u00e9 FSGT pour la nouvelle saison<\/td>\n<td>\u00a0Pour les joueurs de 16 \u00e0 18 ans<\/td>\n<td>&#8211; Formulaire d&rsquo;Inscription Chassieu Volley<br \/>\n&#8211; Attestation Licence ou Certificat M\u00e9dical (Si r\u00e9ponse OUI aux questionnaires de sant\u00e9, remplit au pr\u00e9alable)<br \/>\n&#8211; 2 photos d&rsquo;identit\u00e9s<br \/>\n&#8211; Moyen de paiement<br \/>\n&#8211; Autorisation parentale mineur<\/td>\n<\/tr>\n<tr>\n<td>\u00a0<strong>Cas 3 :<\/strong> D\u00e9j\u00e0 licenci\u00e9(e)\u00a0FSGT pour la nouvelle saison<\/td>\n<td>\u00a0Les joueurs s&rsquo;\u00e9tant d\u00e9j\u00e0 inscrit dans un autre club (hors Volley) mais sous la licence FSGT<\/td>\n<td>&#8211; Formulaire d&rsquo;Inscription Chassieu Volley<br \/>\n&#8211; Attestation Licence ou Certificat M\u00e9dical (Si r\u00e9ponse OUI aux questionnaires de sant\u00e9, remplit au pr\u00e9alable)<br \/>\n&#8211; 2 photos d&rsquo;identit\u00e9s (ou r\u00e9cup\u00e9rer sur ancienne licence)<br \/>\n&#8211; Moyen de paiement<br \/>\n&#8211; Autorisation parentale mineur.pdf (si mineur(e))<\/td>\n<\/tr>\n<tr>\n<td>\u00a0<strong>Cas 4 :<\/strong> R\u00e9-inscription au Chassieu Volley<\/td>\n<td><\/td>\n<td>&#8211; Formulaire d&rsquo;Inscription Chassieu Volley<br \/>\n&#8211; Attestation Licence ou Certificat M\u00e9dical (Si r\u00e9ponse OUI aux questionnaires de sant\u00e9, remplit au pr\u00e9alable)<br \/>\n&#8211; Moyen de paiement<br \/>\n&#8211; Autorisation parentale mineur.pdf (si mineur(e))<\/td>\n<\/tr>\n<\/tbody>\n<\/table>\n<p>[\/vc_column_text][vc_column_text]Vous trouverez les documents n\u00e9cessaire\u00a0<strong><a href=\"https:\/\/www.chassieuvolley.fr\/?page_id=4917\">ici.<\/a><\/strong>[\/vc_column_text][\/vc_column][\/vc_row]<\/p>\n<\/div>","protected":false},"excerpt":{"rendered":"<p>[vc_row][vc_column][vc_column_text]Voici tous le process pour vous inscrire \u00e0 Chassieu Volley. Le paiement se fait en de diff\u00e9rentes mani\u00e8res : Ch\u00e8que \/ Esp\u00e8ce \/ Coupon Sport \/ Ch\u00e8que Vacances Ces documents seront \u00e0 remettre, au secr\u00e9taire du club.[\/vc_column_text][\/vc_column][\/vc_row][vc_row][vc_column][vc_column_text]Depuis 2017, avec la loi de la modernisation du syst\u00e8me de sant\u00e9 (infos sur le site du Gouvernement), vous&#8230;<\/p>\n","protected":false},"author":6,"featured_media":0,"parent":0,"menu_order":0,"comment_status":"closed","ping_status":"closed","template":"","meta":{"footnotes":""},"_links":{"self":[{"href":"https:\/\/www.chassieuvolley.fr\/index.php?rest_route=\/wp\/v2\/pages\/4791"}],"collection":[{"href":"https:\/\/www.chassieuvolley.fr\/index.php?rest_route=\/wp\/v2\/pages"}],"about":[{"href":"https:\/\/www.chassieuvolley.fr\/index.php?rest_route=\/wp\/v2\/types\/page"}],"author":[{"embeddable":true,"href":"https:\/\/www.chassieuvolley.fr\/index.php?rest_route=\/wp\/v2\/users\/6"}],"replies":[{"embeddable":true,"href":"https:\/\/www.chassieuvolley.fr\/index.php?rest_route=%2Fwp%2Fv2%2Fcomments&post=4791"}],"version-history":[{"count":9,"href":"https:\/\/www.chassieuvolley.fr\/index.php?rest_route=\/wp\/v2\/pages\/4791\/revisions"}],"predecessor-version":[{"id":5385,"href":"https:\/\/www.chassieuvolley.fr\/index.php?rest_route=\/wp\/v2\/pages\/4791\/revisions\/5385"}],"wp:attachment":[{"href":"https:\/\/www.chassieuvolley.fr\/index.php?rest_route=%2Fwp%2Fv2%2Fmedia&parent=4791"}],"curies":[{"name":"wp","href":"https:\/\/api.w.org\/{rel}","templated":true}]}}