{"id":4784,"date":"2023-06-20T13:12:20","date_gmt":"2023-06-20T11:12:20","guid":{"rendered":"https:\/\/www.chassieuvolley.fr\/?page_id=4784"},"modified":"2023-07-05T10:11:03","modified_gmt":"2023-07-05T08:11:03","slug":"tournois-2","status":"publish","type":"page","link":"https:\/\/www.chassieuvolley.fr\/?page_id=4784","title":{"rendered":"Tournois"},"content":{"rendered":"<div class=\"wpb-content-wrapper\"><p>[vc_row][vc_column][vc_column_text]Chaque ann\u00e9e, nous organisons un tournoi par \u00e9quipes de 4 joueurs, masculins et f\u00e9minins, ouvert \u00e0 tous, \u00e0 condition de produire une licence sportive ou un certificat m\u00e9dical.<\/p>\r\n<!-- \/wp:paragraph -->\r\n<p><!-- wp:paragraph -->Chassieu Volley participe aux \u00ab\u00a0F\u00e9d\u00e9rales\u00a0\u00bb, un tournoi qui se d\u00e9roule avec plusieurs dates dans toute la France.<\/p>\r\n<!-- \/wp:paragraph -->\r\n<p><!-- wp:paragraph -->Pour plus d&rsquo;informations sur le planning des tournois, rendez-vous sur notre page d&rsquo;accueil\u00a0ou sur le Facebook de \u00ab\u00a0<a href=\"https:\/\/www.facebook.com\/ChassieuVolley\" target=\"_blank\" rel=\"noreferrer noopener\">Chassieu Volley<\/a>\u00ab\u00a0.[\/vc_column_text][\/vc_column][\/vc_row]<\/p><\/div>","protected":false},"excerpt":{"rendered":"<p>[vc_row][vc_column][vc_column_text]Chaque ann\u00e9e, nous organisons un tournoi par \u00e9quipes de 4 joueurs, masculins et f\u00e9minins, ouvert \u00e0 tous, \u00e0 condition de produire une licence sportive ou un certificat m\u00e9dical. Chassieu Volley participe aux \u00ab\u00a0F\u00e9d\u00e9rales\u00a0\u00bb, un tournoi qui se d\u00e9roule avec plusieurs dates dans toute la France. Pour plus d&rsquo;informations sur le planning des tournois, rendez-vous sur&#8230;<\/p>\n","protected":false},"author":6,"featured_media":0,"parent":0,"menu_order":0,"comment_status":"closed","ping_status":"closed","template":"","meta":{"footnotes":""},"_links":{"self":[{"href":"https:\/\/www.chassieuvolley.fr\/index.php?rest_route=\/wp\/v2\/pages\/4784"}],"collection":[{"href":"https:\/\/www.chassieuvolley.fr\/index.php?rest_route=\/wp\/v2\/pages"}],"about":[{"href":"https:\/\/www.chassieuvolley.fr\/index.php?rest_route=\/wp\/v2\/types\/page"}],"author":[{"embeddable":true,"href":"https:\/\/www.chassieuvolley.fr\/index.php?rest_route=\/wp\/v2\/users\/6"}],"replies":[{"embeddable":true,"href":"https:\/\/www.chassieuvolley.fr\/index.php?rest_route=%2Fwp%2Fv2%2Fcomments&post=4784"}],"version-history":[{"count":4,"href":"https:\/\/www.chassieuvolley.fr\/index.php?rest_route=\/wp\/v2\/pages\/4784\/revisions"}],"predecessor-version":[{"id":4988,"href":"https:\/\/www.chassieuvolley.fr\/index.php?rest_route=\/wp\/v2\/pages\/4784\/revisions\/4988"}],"wp:attachment":[{"href":"https:\/\/www.chassieuvolley.fr\/index.php?rest_route=%2Fwp%2Fv2%2Fmedia&parent=4784"}],"curies":[{"name":"wp","href":"https:\/\/api.w.org\/{rel}","templated":true}]}}