{"id":4769,"date":"2023-06-20T13:05:35","date_gmt":"2023-06-20T11:05:35","guid":{"rendered":"https:\/\/www.chassieuvolley.fr\/?page_id=4769"},"modified":"2025-08-21T14:37:27","modified_gmt":"2025-08-21T12:37:27","slug":"notre-histoire-2","status":"publish","type":"page","link":"https:\/\/www.chassieuvolley.fr\/?page_id=4769","title":{"rendered":"Notre histoire"},"content":{"rendered":"<div class=\"wpb-content-wrapper\"><p>[vc_row][vc_column width=\u00a0\u00bb1\/2&Prime;][vc_column_text]Chassieu Volley est une association r\u00e9gie sous la loi 1901 et a \u00e9t\u00e9 cr\u00e9\u00e9e en 1998.<\/p>\n<p>Il s\u2019adresse \u00e0 des sportifs de tout niveau \u00e0 partir de 16 ans et ayant envie de pratiquer le volley en championnat type loisir.<br \/>\nPour des questions d\u2019encadrement, nous ne pouvons pas pour l\u2019instant accueillir des jeunes de moins de 16 ans.[\/vc_column_text][vc_column_text]Le club est affili\u00e9 \u00e0 la FSGT (<a href=\"http:\/\/www.fsgt.org\/\" target=\"_blank()\" rel=\"noopener noreferrer\">http:\/\/www.fsgt.org\/<\/a>\u00a0et <a href=\"http:\/\/fsgt.69.free.fr\/\">http:\/\/www.fsgt69.fr\/<\/a>), et \u00e0 ce titre participe au championnat FSGT, les matches se d\u00e9roulent sous forme d\u2019aller-retour les soirs de semaine, de novembre \u00e0 mai (de 12 \u00e0 16 matches dans la saison, suivant l\u2019effectif de la poule).<br \/>\nLes soirs o\u00f9 il n\u2019y a pas de match ont lieu des entra\u00eenements.[\/vc_column_text][vc_column_text]Pour ceux qui souhaiteraient pratiquer le volley sous forme purement loisir, sans comp\u00e9tition, il existe une \u00e9quipe d&rsquo;une dizaine de joueurs de tout niveau (en d\u00e9couverte, d\u00e9butant, avanc\u00e9, confirm\u00e9) venant s\u2019entra\u00eener, se perfectionner et prendre plaisir au jeu.<\/p>\n<p>Un entra\u00eeneur est sur place pour les aider \u00e0 am\u00e9liorer leur niveau.<\/p>\n<p>N\u00e9anmoins, Chassieu Volley suit le r\u00e8glement de la FIVB qui se trouve <a href=\"https:\/\/www.fivb.com\/-\/media\/fivb\/volleyball\/pdfs\/officialrulesofthegames\/2017-2020_newedition\/fivb-volleyball_rules_2017-2020-fr-v01.pdf?la=en&amp;hash=3E733053A25F229008F40CF809DF511B\">ICI<\/a> ou dans notre <a href=\"https:\/\/www.chassieuvolley.fr\/?page_id=2793\">espace de documents partag\u00e9s<\/a>.[\/vc_column_text][\/vc_column][vc_column width=\u00a0\u00bb1\/2&Prime;][vc_single_image image=\u00a0\u00bb5378&Prime; img_size=\u00a0\u00bbmedium\u00a0\u00bb alignment=\u00a0\u00bbcenter\u00a0\u00bb][vc_single_image image=\u00a0\u00bb1259&Prime; img_size=\u00a0\u00bbfull\u00a0\u00bb alignment=\u00a0\u00bbcenter\u00a0\u00bb][\/vc_column][\/vc_row]<\/p>\n<\/div>","protected":false},"excerpt":{"rendered":"<p>[vc_row][vc_column width=\u00a0\u00bb1\/2&Prime;][vc_column_text]Chassieu Volley est une association r\u00e9gie sous la loi 1901 et a \u00e9t\u00e9 cr\u00e9\u00e9e en 1998. Il s\u2019adresse \u00e0 des sportifs de tout niveau \u00e0 partir de 16 ans et ayant envie de pratiquer le volley en championnat type loisir. Pour des questions d\u2019encadrement, nous ne pouvons pas pour l\u2019instant accueillir des jeunes de&#8230;<\/p>\n","protected":false},"author":6,"featured_media":0,"parent":0,"menu_order":0,"comment_status":"closed","ping_status":"closed","template":"","meta":{"footnotes":""},"_links":{"self":[{"href":"https:\/\/www.chassieuvolley.fr\/index.php?rest_route=\/wp\/v2\/pages\/4769"}],"collection":[{"href":"https:\/\/www.chassieuvolley.fr\/index.php?rest_route=\/wp\/v2\/pages"}],"about":[{"href":"https:\/\/www.chassieuvolley.fr\/index.php?rest_route=\/wp\/v2\/types\/page"}],"author":[{"embeddable":true,"href":"https:\/\/www.chassieuvolley.fr\/index.php?rest_route=\/wp\/v2\/users\/6"}],"replies":[{"embeddable":true,"href":"https:\/\/www.chassieuvolley.fr\/index.php?rest_route=%2Fwp%2Fv2%2Fcomments&post=4769"}],"version-history":[{"count":9,"href":"https:\/\/www.chassieuvolley.fr\/index.php?rest_route=\/wp\/v2\/pages\/4769\/revisions"}],"predecessor-version":[{"id":5384,"href":"https:\/\/www.chassieuvolley.fr\/index.php?rest_route=\/wp\/v2\/pages\/4769\/revisions\/5384"}],"wp:attachment":[{"href":"https:\/\/www.chassieuvolley.fr\/index.php?rest_route=%2Fwp%2Fv2%2Fmedia&parent=4769"}],"curies":[{"name":"wp","href":"https:\/\/api.w.org\/{rel}","templated":true}]}}