{"id":4725,"date":"2023-06-16T11:15:50","date_gmt":"2023-06-16T09:15:50","guid":{"rendered":"https:\/\/www.chassieuvolley.fr\/?page_id=4725"},"modified":"2025-08-21T15:00:41","modified_gmt":"2025-08-21T13:00:41","slug":"partenaires","status":"publish","type":"page","link":"https:\/\/www.chassieuvolley.fr\/?page_id=4725","title":{"rendered":"Partenaires"},"content":{"rendered":"<div class=\"wpb-content-wrapper\"><p>[vc_row content_placement=\u00a0\u00bbmiddle\u00a0\u00bb][vc_column width=\u00a0\u00bb1\/4&Prime; el_class=\u00a0\u00bbpartenaire\u00a0\u00bb][vc_single_image image=\u00a0\u00bb5388&Prime; img_size=\u00a0\u00bbmedium\u00a0\u00bb alignment=\u00a0\u00bbcenter\u00a0\u00bb][vc_column_text]L&rsquo;ost\u00e9opathe <strong>Alexandre MAIGNIEL <\/strong>est situ\u00e9 \u00e0 <strong>Chassieu<\/strong> et prend en charge les douleurs articulaires, musculaires, post-traumatiques et troubles fonctionnels li\u00e9s \u00e0 la pratique sportive, sans technique de craquement.[\/vc_column_text][stm_button link=\u00a0\u00bburl:https%3A%2F%2Fwww.doctolib.fr%2Fosteopathe%2Fchassieu%2Falexandre-maigniel%3Ffbclid%3DPAQ0xDSwMT9Z9leHRuA2FlbQIxMQABp1buyDSmse4vevL8iyJinYFqnunD0JRI4FKAQMB1tgEhXCIT0rqSm-pbLCPI_aem_YULjZc556IsZ23kRU7q9RQ|title:Lien%20Doctolib\u00a0\u00bb][\/vc_column][vc_column width=\u00a0\u00bb1\/4&Prime; el_class=\u00a0\u00bbpartenaire\u00a0\u00bb][vc_single_image image=\u00a0\u00bb5299&Prime; img_size=\u00a0\u00bbfull\u00a0\u00bb][vc_column_text]<strong>Auvergne-Rh\u00f4ne-Alpes<\/strong> est une r\u00e9gion fran\u00e7aise situ\u00e9e dans le quart sud-est de la France m\u00e9tropolitaine. Elle est cr\u00e9\u00e9e par la loi du 16 janvier 2015 relative \u00e0 la d\u00e9limitation des r\u00e9gions, \u00e0 la suite des \u00e9lections r\u00e9gionales de 2015 en Auvergne-Rh\u00f4ne-Alpes.[\/vc_column_text][stm_button link=\u00a0\u00bburl:https%3A%2F%2Fwww.auvergnerhonealpes.fr|title:Lire%20la%20suite\u00a0\u00bb][\/vc_column][vc_column width=\u00a0\u00bb1\/4&Prime; el_class=\u00a0\u00bbpartenaire\u00a0\u00bb][vc_single_image image=\u00a0\u00bb1259&Prime; img_size=\u00a0\u00bbfull\u00a0\u00bb alignment=\u00a0\u00bbcenter\u00a0\u00bb][vc_column_text]La <strong>F\u00e9d\u00e9ration Sportive et Gymnique du Travail (FSGT)<\/strong>, doublement agr\u00e9\u00e9e sport et \u00e9ducation populaire, compte 240 000 pratiquant.e.s, 4200 clubs et propose une centaine d\u2019activit\u00e9s physiques, sportives et artistiques, comp\u00e9titives et non-comp\u00e9titives.[\/vc_column_text][stm_button link=\u00a0\u00bburl:https%3A%2F%2Ffsgt69.fr%2F|title:Lire%20la%20suite\u00a0\u00bb][\/vc_column][vc_column width=\u00a0\u00bb1\/4&Prime; el_class=\u00a0\u00bbpartenaire\u00a0\u00bb][vc_single_image image=\u00a0\u00bb1393&Prime; img_size=\u00a0\u00bbfull\u00a0\u00bb alignment=\u00a0\u00bbcenter\u00a0\u00bb][vc_column_text]<strong>Chassieu<\/strong> est une commune fran\u00e7aise situ\u00e9e en m\u00e9tropole de Lyon en r\u00e9gion Auvergne-Rh\u00f4ne-Alpes. Elle constitue une commune de la couronne p\u00e9riurbaine \u00e0 l&rsquo;est de la ville centre.[\/vc_column_text][stm_button link=\u00a0\u00bburl:https%3A%2F%2Fwww.chassieu.fr%2F|title:Lire%20la%20suite\u00a0\u00bb][\/vc_column][vc_column width=\u00a0\u00bb1\/4&Prime; el_class=\u00a0\u00bbpartenaire\u00a0\u00bb][vc_single_image image=\u00a0\u00bb1394&Prime; img_size=\u00a0\u00bbfull\u00a0\u00bb alignment=\u00a0\u00bbcenter\u00a0\u00bb][vc_column_text]<strong>Intermarch\u00e9<\/strong> est une enseigne fran\u00e7aise de grande distribution du groupe Les Mousquetaires fond\u00e9e en 1969 sous l&rsquo;enseigne EX Offices de distribution par Jean-Pierre Le Roch.[\/vc_column_text][stm_button link=\u00a0\u00bburl:https%3A%2F%2Fwww.mousquetaires.com%2Fnos-enseignes%2Falimentaire%2Fintermarche%2F|title:Lire%20la%20suite\u00a0\u00bb][\/vc_column][\/vc_row]<\/p>\n<\/div>","protected":false},"excerpt":{"rendered":"<p>[vc_row content_placement=\u00a0\u00bbmiddle\u00a0\u00bb][vc_column width=\u00a0\u00bb1\/4&Prime; el_class=\u00a0\u00bbpartenaire\u00a0\u00bb][vc_single_image image=\u00a0\u00bb5388&Prime; img_size=\u00a0\u00bbmedium\u00a0\u00bb alignment=\u00a0\u00bbcenter\u00a0\u00bb][vc_column_text]L&rsquo;ost\u00e9opathe Alexandre MAIGNIEL est situ\u00e9 \u00e0 Chassieu et prend en charge les douleurs articulaires, musculaires, post-traumatiques et troubles fonctionnels li\u00e9s \u00e0 la pratique sportive, sans technique de craquement.[\/vc_column_text][stm_button link=\u00a0\u00bburl:https%3A%2F%2Fwww.doctolib.fr%2Fosteopathe%2Fchassieu%2Falexandre-maigniel%3Ffbclid%3DPAQ0xDSwMT9Z9leHRuA2FlbQIxMQABp1buyDSmse4vevL8iyJinYFqnunD0JRI4FKAQMB1tgEhXCIT0rqSm-pbLCPI_aem_YULjZc556IsZ23kRU7q9RQ|title:Lien%20Doctolib\u00a0\u00bb][\/vc_column][vc_column width=\u00a0\u00bb1\/4&Prime; el_class=\u00a0\u00bbpartenaire\u00a0\u00bb][vc_single_image image=\u00a0\u00bb5299&Prime; img_size=\u00a0\u00bbfull\u00a0\u00bb][vc_column_text]Auvergne-Rh\u00f4ne-Alpes est une r\u00e9gion fran\u00e7aise situ\u00e9e dans le quart sud-est de la France m\u00e9tropolitaine. Elle est cr\u00e9\u00e9e&#8230;<\/p>\n","protected":false},"author":6,"featured_media":0,"parent":0,"menu_order":0,"comment_status":"closed","ping_status":"closed","template":"","meta":{"footnotes":""},"_links":{"self":[{"href":"https:\/\/www.chassieuvolley.fr\/index.php?rest_route=\/wp\/v2\/pages\/4725"}],"collection":[{"href":"https:\/\/www.chassieuvolley.fr\/index.php?rest_route=\/wp\/v2\/pages"}],"about":[{"href":"https:\/\/www.chassieuvolley.fr\/index.php?rest_route=\/wp\/v2\/types\/page"}],"author":[{"embeddable":true,"href":"https:\/\/www.chassieuvolley.fr\/index.php?rest_route=\/wp\/v2\/users\/6"}],"replies":[{"embeddable":true,"href":"https:\/\/www.chassieuvolley.fr\/index.php?rest_route=%2Fwp%2Fv2%2Fcomments&post=4725"}],"version-history":[{"count":13,"href":"https:\/\/www.chassieuvolley.fr\/index.php?rest_route=\/wp\/v2\/pages\/4725\/revisions"}],"predecessor-version":[{"id":4727,"href":"https:\/\/www.chassieuvolley.fr\/index.php?rest_route=\/wp\/v2\/pages\/4725\/revisions\/4727"}],"wp:attachment":[{"href":"https:\/\/www.chassieuvolley.fr\/index.php?rest_route=%2Fwp%2Fv2%2Fmedia&parent=4725"}],"curies":[{"name":"wp","href":"https:\/\/api.w.org\/{rel}","templated":true}]}}