{"id":4697,"date":"2023-06-16T10:47:14","date_gmt":"2023-06-16T08:47:14","guid":{"rendered":"https:\/\/www.chassieuvolley.fr\/?page_id=4697"},"modified":"2023-07-03T10:55:19","modified_gmt":"2023-07-03T08:55:19","slug":"nos-valeurs","status":"publish","type":"page","link":"https:\/\/www.chassieuvolley.fr\/?page_id=4697","title":{"rendered":"Nos valeurs"},"content":{"rendered":"<div class=\"wpb-content-wrapper\"><p>[vc_row][vc_column][vc_column_text]Des valeurs humaines avant tout,<\/p>\n<p>Au sein du club de Chassieu, <strong>nous recherchons \u00e0 la fois le bien-\u00eatre, le plaisir de nos adh\u00e9rents et de la bienveillance.<\/strong> Les valeurs de notre sport et de la vie en collectivit\u00e9 font partie des aspects primordiaux du projet du club.<\/p>\n<p>Merci donc de :<\/p>\n<ul>\n<li><strong>Respecter les r\u00e8gles du Club et du Volley<\/strong><\/li>\n<li><strong>Respecter l\u2019encadrement sportif et officiel<\/strong><\/li>\n<li><strong>Communiquer sur ta pr\u00e9sence ou ton absence<\/strong><\/li>\n<li><strong>\u00catre en tenue et \u00e0 l&rsquo;heure<\/strong><\/li>\n<li><strong>Participer \u00e0 l&rsquo;installation et au rangement du mat\u00e9riel<\/strong><\/li>\n<li><strong>\u00catre respectueux et tol\u00e9rant envers les autres<\/strong><\/li>\n<li><strong>\u00catre attentif aux locaux et aux mat\u00e9riels<\/strong><\/li>\n<li><strong>\u00catre calme, poli et constructive, en cas de d\u00e9saccords<\/strong><\/li>\n<li><strong>\u00catre de bonne humeur, humble et bienveillant<\/strong><\/li>\n<li><strong>Contribuer aux ap\u00e9ros collectifs en fin d\u2019entra\u00eenement ou lors d\u2019un match \u00e0 domicile<\/strong><\/li>\n<\/ul>\n<p>Nous souhaitons concilier la convivialit\u00e9, l\u2019unit\u00e9 de notre association sportive, permettant une meilleure coh\u00e9sion de groupe, avec les performances de nos \u00e9quipes, car, pour qu\u2019une \u00e9quipe soit performante, il faut qu\u2019elle vive bien.[\/vc_column_text][\/vc_column][\/vc_row]<\/p>\n<\/div>","protected":false},"excerpt":{"rendered":"<p>[vc_row][vc_column][vc_column_text]Des valeurs humaines avant tout, Au sein du club de Chassieu, nous recherchons \u00e0 la fois le bien-\u00eatre, le plaisir de nos adh\u00e9rents et de la bienveillance. Les valeurs de notre sport et de la vie en collectivit\u00e9 font partie des aspects primordiaux du projet du club. Merci donc de : Respecter les r\u00e8gles du&#8230;<\/p>\n","protected":false},"author":6,"featured_media":0,"parent":0,"menu_order":0,"comment_status":"closed","ping_status":"closed","template":"","meta":{"footnotes":""},"_links":{"self":[{"href":"https:\/\/www.chassieuvolley.fr\/index.php?rest_route=\/wp\/v2\/pages\/4697"}],"collection":[{"href":"https:\/\/www.chassieuvolley.fr\/index.php?rest_route=\/wp\/v2\/pages"}],"about":[{"href":"https:\/\/www.chassieuvolley.fr\/index.php?rest_route=\/wp\/v2\/types\/page"}],"author":[{"embeddable":true,"href":"https:\/\/www.chassieuvolley.fr\/index.php?rest_route=\/wp\/v2\/users\/6"}],"replies":[{"embeddable":true,"href":"https:\/\/www.chassieuvolley.fr\/index.php?rest_route=%2Fwp%2Fv2%2Fcomments&post=4697"}],"version-history":[{"count":7,"href":"https:\/\/www.chassieuvolley.fr\/index.php?rest_route=\/wp\/v2\/pages\/4697\/revisions"}],"predecessor-version":[{"id":4983,"href":"https:\/\/www.chassieuvolley.fr\/index.php?rest_route=\/wp\/v2\/pages\/4697\/revisions\/4983"}],"wp:attachment":[{"href":"https:\/\/www.chassieuvolley.fr\/index.php?rest_route=%2Fwp%2Fv2%2Fmedia&parent=4697"}],"curies":[{"name":"wp","href":"https:\/\/api.w.org\/{rel}","templated":true}]}}