{"id":1897,"date":"2016-05-12T06:50:00","date_gmt":"2016-05-12T06:50:00","guid":{"rendered":"https:\/\/splash.copy\/?page_id=764"},"modified":"2023-06-16T11:13:55","modified_gmt":"2023-06-16T09:13:55","slug":"media-2","status":"publish","type":"page","link":"https:\/\/www.chassieuvolley.fr\/?page_id=1897","title":{"rendered":"Photos"},"content":{"rendered":"<div class=\"wpb-content-wrapper\"><p>[vc_row][vc_column][vc_column_text]Vous trouverez ci-apr\u00e8s quelques photos des \u00e9venements du club (Match, Tounoirs, F\u00e9d\u00e9ral, Activit\u00e9, etc&#8230;)[\/vc_column_text][\/vc_column][\/vc_row][vc_row][vc_column][stm_media_tabs title=\u00a0\u00bb\u00a0\u00bb media_style=\u00a0\u00bbstyle_3_3&Prime; disable_masonry=\u00a0\u00bbdisable\u00a0\u00bb number=\u00a0\u00bb12&Prime;][\/vc_column][\/vc_row]<\/p>\n<\/div>","protected":false},"excerpt":{"rendered":"<p>[vc_row][vc_column][vc_column_text]Vous trouverez ci-apr\u00e8s quelques photos des \u00e9venements du club (Match, Tounoirs, F\u00e9d\u00e9ral, Activit\u00e9, etc&#8230;)[\/vc_column_text][\/vc_column][\/vc_row][vc_row][vc_column][stm_media_tabs title=\u00a0\u00bb\u00a0\u00bb media_style=\u00a0\u00bbstyle_3_3&Prime; disable_masonry=\u00a0\u00bbdisable\u00a0\u00bb number=\u00a0\u00bb12&Prime;][\/vc_column][\/vc_row]<\/p>\n","protected":false},"author":1,"featured_media":0,"parent":0,"menu_order":0,"comment_status":"closed","ping_status":"closed","template":"","meta":{"footnotes":""},"_links":{"self":[{"href":"https:\/\/www.chassieuvolley.fr\/index.php?rest_route=\/wp\/v2\/pages\/1897"}],"collection":[{"href":"https:\/\/www.chassieuvolley.fr\/index.php?rest_route=\/wp\/v2\/pages"}],"about":[{"href":"https:\/\/www.chassieuvolley.fr\/index.php?rest_route=\/wp\/v2\/types\/page"}],"author":[{"embeddable":true,"href":"https:\/\/www.chassieuvolley.fr\/index.php?rest_route=\/wp\/v2\/users\/1"}],"replies":[{"embeddable":true,"href":"https:\/\/www.chassieuvolley.fr\/index.php?rest_route=%2Fwp%2Fv2%2Fcomments&post=1897"}],"version-history":[{"count":6,"href":"https:\/\/www.chassieuvolley.fr\/index.php?rest_route=\/wp\/v2\/pages\/1897\/revisions"}],"predecessor-version":[{"id":4722,"href":"https:\/\/www.chassieuvolley.fr\/index.php?rest_route=\/wp\/v2\/pages\/1897\/revisions\/4722"}],"wp:attachment":[{"href":"https:\/\/www.chassieuvolley.fr\/index.php?rest_route=%2Fwp%2Fv2%2Fmedia&parent=1897"}],"curies":[{"name":"wp","href":"https:\/\/api.w.org\/{rel}","templated":true}]}}